{"id":1327,"date":"2022-07-22T14:18:28","date_gmt":"2022-07-22T12:18:28","guid":{"rendered":"https:\/\/www.bluesinlehrte.de\/?page_id=1327"},"modified":"2025-08-23T12:34:01","modified_gmt":"2025-08-23T10:34:01","slug":"verein","status":"publish","type":"page","link":"https:\/\/www.bluesinlehrte.de\/index.php\/verein\/","title":{"rendered":"Verein"},"content":{"rendered":"\t\t<div data-elementor-type=\"wp-page\" data-elementor-id=\"1327\" class=\"elementor elementor-1327\" data-elementor-post-type=\"page\">\n\t\t\t\t\t\t<section class=\"elementor-section elementor-top-section elementor-element elementor-element-feaf2c8 elementor-section-boxed elementor-section-height-default elementor-section-height-default\" data-id=\"feaf2c8\" data-element_type=\"section\" data-e-type=\"section\">\n\t\t\t\t\t\t<div class=\"elementor-container elementor-column-gap-default\">\n\t\t\t\t\t<div class=\"elementor-column elementor-col-100 elementor-top-column elementor-element elementor-element-c23a8ba\" data-id=\"c23a8ba\" data-element_type=\"column\" data-e-type=\"column\">\n\t\t\t<div class=\"elementor-widget-wrap elementor-element-populated\">\n\t\t\t\t\t\t<div class=\"elementor-element elementor-element-c45e9e7 elementor-widget elementor-widget-heading\" data-id=\"c45e9e7\" data-element_type=\"widget\" data-e-type=\"widget\" data-widget_type=\"heading.default\">\n\t\t\t\t<div class=\"elementor-widget-container\">\n\t\t\t\t\t<h1 class=\"elementor-heading-title elementor-size-default\">Der Verein<\/h1>\t\t\t\t<\/div>\n\t\t\t\t<\/div>\n\t\t\t\t<div class=\"elementor-element elementor-element-4f9c0d4 elementor-widget elementor-widget-text-editor\" data-id=\"4f9c0d4\" data-element_type=\"widget\" data-e-type=\"widget\" data-widget_type=\"text-editor.default\">\n\t\t\t\t<div class=\"elementor-widget-container\">\n\t\t\t\t\t\t\t\t\t<p>\u00dcber das j\u00e4hrliche Festival hinaus organisiert der \u201cVerein zur F\u00f6rderung der Musik- und Jugendkultur Blues in Lehrte e.V.\u201d weitere vielf\u00e4ltige Angebote rund um den Blues sowie kleinere Konzerte im Herbst und Winter.<\/p><p>Bis heute sind wir gut 130 Mitglieder. Wer unsere Ziele unterst\u00fctzen m\u00f6chte, kann uns eine Spende zukommen lassen und\/oder f\u00fcr derzeit 12 \u20ac im Jahr (!) Mitglied werden. Auch ehrenamtliche Helferinnen und Helfer sind herzlich willikommen! Dazu musst du nicht unbedingt Vereinsmitglied werden; sprich uns einfach an z.B. beim n\u00e4chsten Vereinsternin, den du im \u00f6ffentlichen Kalender der <a href=\"https:\/\/bluesapp.de\/\" target=\"_blank\" rel=\"noopener\">BluesApp<\/a> findest; Gastzugang mit Benutzername gast und Passwort gast.<\/p><p>Die Vereinssatzung kannst du <a href=\"https:\/\/freundeskreis.blues-in-lehrte.de\/pdf\/satzung.pdf\" target=\"_blank\" rel=\"noopener noreferrer\">hier als PDF-Datei<\/a> herunterladen.<\/p>\t\t\t\t\t\t\t\t<\/div>\n\t\t\t\t<\/div>\n\t\t\t\t<div class=\"elementor-element elementor-element-80706ba elementor-widget elementor-widget-heading\" data-id=\"80706ba\" data-element_type=\"widget\" data-e-type=\"widget\" data-widget_type=\"heading.default\">\n\t\t\t\t<div class=\"elementor-widget-container\">\n\t\t\t\t\t<h1 class=\"elementor-heading-title elementor-size-default\">F\u00fcr Blues in Lehrte spenden<\/h1>\t\t\t\t<\/div>\n\t\t\t\t<\/div>\n\t\t\t\t<div class=\"elementor-element elementor-element-8e4b7c7 elementor-widget elementor-widget-text-editor\" data-id=\"8e4b7c7\" data-element_type=\"widget\" data-e-type=\"widget\" data-widget_type=\"text-editor.default\">\n\t\t\t\t<div class=\"elementor-widget-container\">\n\t\t\t\t\t\t\t\t\t<p>Der Verein zur F\u00f6rderung der Musik &#8211; und Jugendkultur &#8211; Blues in Lehrte e.V. ist durch das Finanzamt Burgdorf als <strong>gemeinn\u00fctzig<\/strong> anerkannt.<\/p><p>Bei Spendenbetr\u00e4gen bis 200 Euro gilt der Kontoauszug Deiner Bank bzw. von Paypal als Zuwendungsbest\u00e4tigung (&#8222;Spendenquittung&#8220;). Bei h\u00f6heren Betr\u00e4gen wende\u00a0Dich bitte an uns, damit wir Dir eine Best\u00e4tigung ausstellen k\u00f6nnen. Spenden sind bestimmt f\u00fcr die Unterst\u00fctzung der gemeinn\u00fctzigen Zwecke des Vereins. Dies k\u00f6nnen z.B. Aufwendungen f\u00fcr das Bluesb\u00fcro (Versammlungs- und Archivraum), die laufende Jugendarbeit, f\u00fcr die Durchf\u00fchrung von Seminaren oder den weiteren Aufbau des Archivs sein. Insbesondere f\u00fcr Mitgliedsbeitr\u00e4ge und f\u00fcr alle Aktivit\u00e4ten des Vereins, die mit dem &#8222;wirtschaftlichen Gesch\u00e4ftsbetrieb&#8220; des Bluesfestivals zu tun haben, k\u00f6nnen keine entsprechenden Best\u00e4tigungen ausgestellt werden.<\/p><p>Du hast drei M\u00f6glichkiten uns eine Spende zukommen zulassen:<\/p>\t\t\t\t\t\t\t\t<\/div>\n\t\t\t\t<\/div>\n\t\t\t\t<section class=\"elementor-section elementor-inner-section elementor-element elementor-element-ec591f2 elementor-section-boxed elementor-section-height-default elementor-section-height-default\" data-id=\"ec591f2\" data-element_type=\"section\" data-e-type=\"section\">\n\t\t\t\t\t\t<div class=\"elementor-container elementor-column-gap-default\">\n\t\t\t\t\t<div class=\"elementor-column elementor-col-33 elementor-inner-column elementor-element elementor-element-74b7de1\" data-id=\"74b7de1\" data-element_type=\"column\" data-e-type=\"column\">\n\t\t\t<div class=\"elementor-widget-wrap elementor-element-populated\">\n\t\t\t\t\t\t<div class=\"elementor-element elementor-element-426756c elementor-widget elementor-widget-text-editor\" data-id=\"426756c\" data-element_type=\"widget\" data-e-type=\"widget\" data-widget_type=\"text-editor.default\">\n\t\t\t\t<div class=\"elementor-widget-container\">\n\t\t\t\t\t\t\t\t\t<p>M\u00f6glichkeit 1: \u00dcber Paypal spenden.<\/p>\t\t\t\t\t\t\t\t<\/div>\n\t\t\t\t<\/div>\n\t\t\t\t<div class=\"elementor-element elementor-element-bfe28fd elementor-widget elementor-widget-html\" data-id=\"bfe28fd\" data-element_type=\"widget\" data-e-type=\"widget\" data-widget_type=\"html.default\">\n\t\t\t\t<div class=\"elementor-widget-container\">\n\t\t\t\t\t<center>\n<form action=\"https:\/\/www.paypal.com\/donate\" method=\"post\" target=\"_blank\">\n<input type=\"hidden\" name=\"hosted_button_id\" value=\"LUD4WSSTPBEDS\" \/>\n<input type=\"image\" src=\"https:\/\/www.paypalobjects.com\/de_DE\/DE\/i\/btn\/btn_donateCC_LG.gif\" border=\"0\" name=\"submit\" title=\"PayPal - The safer, easier way to pay online!\" alt=\"Spenden mit dem PayPal-Button\" \/>\n<img decoding=\"async\" alt=\"\" border=\"0\" src=\"https:\/\/www.paypal.com\/de_DE\/i\/scr\/pixel.gif\" width=\"1\" height=\"1\" \/>\n<\/form>\n<\/center>\n\t\t\t\t<\/div>\n\t\t\t\t<\/div>\n\t\t\t\t\t<\/div>\n\t\t<\/div>\n\t\t\t\t<div class=\"elementor-column elementor-col-33 elementor-inner-column elementor-element elementor-element-d988255\" data-id=\"d988255\" data-element_type=\"column\" data-e-type=\"column\">\n\t\t\t<div class=\"elementor-widget-wrap elementor-element-populated\">\n\t\t\t\t\t\t<div class=\"elementor-element elementor-element-91ac1cf elementor-widget elementor-widget-text-editor\" data-id=\"91ac1cf\" data-element_type=\"widget\" data-e-type=\"widget\" data-widget_type=\"text-editor.default\">\n\t\t\t\t<div class=\"elementor-widget-container\">\n\t\t\t\t\t\t\t\t\t<p>M\u00f6glichkeit 2: QR-Code mit Banking-App einscannen und spenden.<\/p>\t\t\t\t\t\t\t\t<\/div>\n\t\t\t\t<\/div>\n\t\t\t\t<div class=\"elementor-element elementor-element-76b4955 elementor-widget elementor-widget-image\" data-id=\"76b4955\" data-element_type=\"widget\" data-e-type=\"widget\" data-widget_type=\"image.default\">\n\t\t\t\t<div class=\"elementor-widget-container\">\n\t\t\t\t\t\t\t\t\t\t\t\t\t\t\t<img decoding=\"async\" width=\"150\" height=\"150\" src=\"https:\/\/www.bluesinlehrte.de\/wp-content\/uploads\/2024\/05\/iban_DE10251933317008963900_zahlen-mit-code.com_-150x150.png\" class=\"attachment-thumbnail size-thumbnail wp-image-2612\" alt=\"\" \/>\t\t\t\t\t\t\t\t\t\t\t\t\t\t\t<\/div>\n\t\t\t\t<\/div>\n\t\t\t\t\t<\/div>\n\t\t<\/div>\n\t\t\t\t<div class=\"elementor-column elementor-col-33 elementor-inner-column elementor-element elementor-element-a24e01a\" data-id=\"a24e01a\" data-element_type=\"column\" data-e-type=\"column\">\n\t\t\t<div class=\"elementor-widget-wrap elementor-element-populated\">\n\t\t\t\t\t\t<div class=\"elementor-element elementor-element-558c18b elementor-widget elementor-widget-text-editor\" data-id=\"558c18b\" data-element_type=\"widget\" data-e-type=\"widget\" data-widget_type=\"text-editor.default\">\n\t\t\t\t<div class=\"elementor-widget-container\">\n\t\t\t\t\t\t\t\t\t<p>M\u00f6glichkeit 3: Klassisch<\/p><p>IBAN DE10 2519 3331 7008 9639 00<\/p><p>eingeben und spenden.<\/p>\t\t\t\t\t\t\t\t<\/div>\n\t\t\t\t<\/div>\n\t\t\t\t\t<\/div>\n\t\t<\/div>\n\t\t\t\t\t<\/div>\n\t\t<\/section>\n\t\t\t\t<div class=\"elementor-element elementor-element-1c9544e elementor-widget elementor-widget-heading\" data-id=\"1c9544e\" data-element_type=\"widget\" data-e-type=\"widget\" data-widget_type=\"heading.default\">\n\t\t\t\t<div class=\"elementor-widget-container\">\n\t\t\t\t\t<h1 class=\"elementor-heading-title elementor-size-default\">Blues in Lehrte beitreten<\/h1>\t\t\t\t<\/div>\n\t\t\t\t<\/div>\n\t\t\t\t<div class=\"elementor-element elementor-element-4f25430 elementor-widget elementor-widget-text-editor\" data-id=\"4f25430\" data-element_type=\"widget\" data-e-type=\"widget\" data-widget_type=\"text-editor.default\">\n\t\t\t\t<div class=\"elementor-widget-container\">\n\t\t\t\t\t\t\t\t\t<p>Mit diesem Formular kannst du eine Beitrittserkl\u00e4rung mit deinen Daten erstellen. Diese musst du dann nur noch ausdrucken, unterschreiben und an uns schicken. Deine Daten werden nicht auf unserem Server gespeichert.<\/p>\t\t\t\t\t\t\t\t<\/div>\n\t\t\t\t<\/div>\n\t\t\t\t<div class=\"elementor-element elementor-element-d5bcaa7 elementor-widget elementor-widget-html\" data-id=\"d5bcaa7\" data-element_type=\"widget\" data-e-type=\"widget\" data-widget_type=\"html.default\">\n\t\t\t\t<div class=\"elementor-widget-container\">\n\t\t\t\t\t<form action=\"https:\/\/intern.blues-in-lehrte.de\/cgi-bin\/beitritt.pl\" method=post target=_blank>\n<input type=text name=vorname required size=20 placeholder=\"Vorname(n)\">\n<input type=text name=name required size=20 placeholder=\"Nachname\"><br>\n<input type=text name=strasse required size=40 placeholder=\"Strasse und Hausnummer\"><br>\n<input type=text name=plz required size=5 placeholder=\"PLZ\">\n<input type=text name=ort required size=30 placeholder=\"Ort\"><br>\n<input type=tel name=telefon size=30 placeholder=\"Telefon-Nummer(n)\"><br>\n<input type=email name=email size=30 placeholder=\"E-Mail-Adresse\"><br>\n<input type=text name=iban required size=30 placeholder=\"IBAN\"><br>\n<input type=hidden name=aktion value=\"fertig\">\n<input type=submit value=\"Beitrittsformular erstellen\"><br>\n<\/form>\t\t\t\t<\/div>\n\t\t\t\t<\/div>\n\t\t\t\t<div class=\"elementor-element elementor-element-be04b8c elementor-widget elementor-widget-heading\" data-id=\"be04b8c\" data-element_type=\"widget\" data-e-type=\"widget\" data-widget_type=\"heading.default\">\n\t\t\t\t<div class=\"elementor-widget-container\">\n\t\t\t\t\t<h1 class=\"elementor-heading-title elementor-size-default\">BluesApp<\/h1>\t\t\t\t<\/div>\n\t\t\t\t<\/div>\n\t\t\t\t<div class=\"elementor-element elementor-element-fe7acfe elementor-widget elementor-widget-text-editor\" data-id=\"fe7acfe\" data-element_type=\"widget\" data-e-type=\"widget\" data-widget_type=\"text-editor.default\">\n\t\t\t\t<div class=\"elementor-widget-container\">\n\t\t\t\t\t\t\t\t\t<p>Die BluesApp ist das elektronische Telefonbuch des Vereins. Sie steht Helferinnen und Helfern beim Festival und Vereinsmitgliedern zur Verf\u00fcgung; Deine pers\u00f6nlichen Zugangsdaten bekommst du vom <a href=\"mailto:webmaster@blues-in-lehrte.de\">Webmaster<\/a>. Die BluesApp hilft bei der Kommunikation untereinander &#8211; nicht nur w\u00e4hrend des Festivals sondern auch bei anderen Aktivit\u00e4ten des Vereins.<\/p><p>Auf dem Smartphone stehen mit der BluesApp die Kontaktdaten und Einsatzorte der anderen Helfer und die n\u00e4chsten Blues-Termine sofort bereit. Die angezeigten Kontakte k\u00f6nnen per Klick auf das H\u00f6rer-Symbol direkt angerufen werden. Vereinsmitgliedern stehen zus\u00e4tzlich die Mitglieder-Liste und die Protokolle der Arbeitstreffen zur Verf\u00fcgung. Au\u00dferdem k\u00f6nnen sie Bluesmails an die anderen Mitglieder verschicken.<\/p>\t\t\t\t\t\t\t\t<\/div>\n\t\t\t\t<\/div>\n\t\t\t\t<section class=\"elementor-section elementor-inner-section elementor-element elementor-element-57372a5 elementor-section-boxed elementor-section-height-default elementor-section-height-default\" data-id=\"57372a5\" data-element_type=\"section\" data-e-type=\"section\">\n\t\t\t\t\t\t<div class=\"elementor-container elementor-column-gap-default\">\n\t\t\t\t\t<div class=\"elementor-column elementor-col-50 elementor-inner-column elementor-element elementor-element-2c64dc5\" data-id=\"2c64dc5\" data-element_type=\"column\" data-e-type=\"column\">\n\t\t\t<div class=\"elementor-widget-wrap elementor-element-populated\">\n\t\t\t\t\t\t<div class=\"elementor-element elementor-element-3d1d77d elementor-widget elementor-widget-image\" data-id=\"3d1d77d\" data-element_type=\"widget\" data-e-type=\"widget\" data-widget_type=\"image.default\">\n\t\t\t\t<div class=\"elementor-widget-container\">\n\t\t\t\t\t\t\t\t\t\t\t\t\t\t\t<img decoding=\"async\" width=\"150\" height=\"150\" src=\"https:\/\/www.bluesinlehrte.de\/wp-content\/uploads\/2024\/05\/qrcode-bluesapp-150x150.png\" class=\"attachment-thumbnail size-thumbnail wp-image-2665\" alt=\"\" srcset=\"https:\/\/www.bluesinlehrte.de\/wp-content\/uploads\/2024\/05\/qrcode-bluesapp-150x150.png 150w, https:\/\/www.bluesinlehrte.de\/wp-content\/uploads\/2024\/05\/qrcode-bluesapp.png 300w\" sizes=\"(max-width: 150px) 100vw, 150px\" \/>\t\t\t\t\t\t\t\t\t\t\t\t\t\t\t<\/div>\n\t\t\t\t<\/div>\n\t\t\t\t\t<\/div>\n\t\t<\/div>\n\t\t\t\t<div class=\"elementor-column elementor-col-50 elementor-inner-column elementor-element elementor-element-65c0701\" data-id=\"65c0701\" data-element_type=\"column\" data-e-type=\"column\">\n\t\t\t<div class=\"elementor-widget-wrap elementor-element-populated\">\n\t\t\t\t\t\t<div class=\"elementor-element elementor-element-bfd0ed5 elementor-widget elementor-widget-text-editor\" data-id=\"bfd0ed5\" data-element_type=\"widget\" data-e-type=\"widget\" data-widget_type=\"text-editor.default\">\n\t\t\t\t<div class=\"elementor-widget-container\">\n\t\t\t\t\t\t\t\t\tAufruf der BluesApp: Einfach mit dem Smartphne den QR-Code scannen oder im Browser die Adresse <a href=\"https:\/\/bluesapp.de\/\" target=_blank>https:\/\/bluesapp.de\/<\/a> eingeben.\t\t\t\t\t\t\t\t<\/div>\n\t\t\t\t<\/div>\n\t\t\t\t\t<\/div>\n\t\t<\/div>\n\t\t\t\t\t<\/div>\n\t\t<\/section>\n\t\t\t\t\t<\/div>\n\t\t<\/div>\n\t\t\t\t\t<\/div>\n\t\t<\/section>\n\t\t\t\t<\/div>\n\t\t","protected":false},"excerpt":{"rendered":"<p>Der Verein \u00dcber das j\u00e4hrliche Festival hinaus organisiert der \u201cVerein zur F\u00f6rderung der Musik- und Jugendkultur Blues in Lehrte e.V.\u201d weitere vielf\u00e4ltige Angebote rund um den Blues sowie kleinere Konzerte im Herbst und Winter. Bis heute sind wir gut 130 Mitglieder. Wer unsere Ziele unterst\u00fctzen m\u00f6chte, kann uns eine Spende zukommen lassen und\/oder f\u00fcr derzeit [&hellip;]<\/p>\n","protected":false},"author":1,"featured_media":0,"parent":0,"menu_order":0,"comment_status":"closed","ping_status":"closed","template":"","meta":{"ocean_post_layout":"full-width","ocean_both_sidebars_style":"","ocean_both_sidebars_content_width":0,"ocean_both_sidebars_sidebars_width":0,"ocean_sidebar":"0","ocean_second_sidebar":"0","ocean_disable_margins":"enable","ocean_add_body_class":"","ocean_shortcode_before_top_bar":"","ocean_shortcode_after_top_bar":"","ocean_shortcode_before_header":"","ocean_shortcode_after_header":"","ocean_has_shortcode":"","ocean_shortcode_after_title":"","ocean_shortcode_before_footer_widgets":"","ocean_shortcode_after_footer_widgets":"","ocean_shortcode_before_footer_bottom":"","ocean_shortcode_after_footer_bottom":"","ocean_display_top_bar":"default","ocean_display_header":"default","ocean_header_style":"","ocean_center_header_left_menu":"0","ocean_custom_header_template":"0","ocean_custom_logo":0,"ocean_custom_retina_logo":0,"ocean_custom_logo_max_width":0,"ocean_custom_logo_tablet_max_width":0,"ocean_custom_logo_mobile_max_width":0,"ocean_custom_logo_max_height":0,"ocean_custom_logo_tablet_max_height":0,"ocean_custom_logo_mobile_max_height":0,"ocean_header_custom_menu":"0","ocean_menu_typo_font_family":"0","ocean_menu_typo_font_subset":"","ocean_menu_typo_font_size":0,"ocean_menu_typo_font_size_tablet":0,"ocean_menu_typo_font_size_mobile":0,"ocean_menu_typo_font_size_unit":"px","ocean_menu_typo_font_weight":"","ocean_menu_typo_font_weight_tablet":"","ocean_menu_typo_font_weight_mobile":"","ocean_menu_typo_transform":"","ocean_menu_typo_transform_tablet":"","ocean_menu_typo_transform_mobile":"","ocean_menu_typo_line_height":0,"ocean_menu_typo_line_height_tablet":0,"ocean_menu_typo_line_height_mobile":0,"ocean_menu_typo_line_height_unit":"","ocean_menu_typo_spacing":0,"ocean_menu_typo_spacing_tablet":0,"ocean_menu_typo_spacing_mobile":0,"ocean_menu_typo_spacing_unit":"","ocean_menu_link_color":"","ocean_menu_link_color_hover":"","ocean_menu_link_color_active":"","ocean_menu_link_background":"","ocean_menu_link_hover_background":"","ocean_menu_link_active_background":"","ocean_menu_social_links_bg":"","ocean_menu_social_hover_links_bg":"","ocean_menu_social_links_color":"","ocean_menu_social_hover_links_color":"","ocean_disable_title":"on","ocean_disable_heading":"default","ocean_post_title":"","ocean_post_subheading":"","ocean_post_title_style":"","ocean_post_title_background_color":"","ocean_post_title_background":0,"ocean_post_title_bg_image_position":"","ocean_post_title_bg_image_attachment":"","ocean_post_title_bg_image_repeat":"","ocean_post_title_bg_image_size":"","ocean_post_title_height":0,"ocean_post_title_bg_overlay":0.5,"ocean_post_title_bg_overlay_color":"","ocean_disable_breadcrumbs":"default","ocean_breadcrumbs_color":"","ocean_breadcrumbs_separator_color":"","ocean_breadcrumbs_links_color":"","ocean_breadcrumbs_links_hover_color":"","ocean_display_footer_widgets":"default","ocean_display_footer_bottom":"default","ocean_custom_footer_template":"0","osh_disable_topbar_sticky":"default","osh_disable_header_sticky":"default","osh_sticky_header_style":"default","osh_sticky_header_effect":"","osh_custom_sticky_logo":0,"osh_custom_retina_sticky_logo":0,"osh_custom_sticky_logo_height":0,"osh_background_color":"","osh_links_color":"","osh_links_hover_color":"","osh_links_active_color":"","osh_links_bg_color":"","osh_links_hover_bg_color":"","osh_links_active_bg_color":"","osh_menu_social_links_color":"","osh_menu_social_hover_links_color":"","footnotes":""},"class_list":["post-1327","page","type-page","status-publish","hentry","entry"],"_links":{"self":[{"href":"https:\/\/www.bluesinlehrte.de\/index.php\/wp-json\/wp\/v2\/pages\/1327","targetHints":{"allow":["GET"]}}],"collection":[{"href":"https:\/\/www.bluesinlehrte.de\/index.php\/wp-json\/wp\/v2\/pages"}],"about":[{"href":"https:\/\/www.bluesinlehrte.de\/index.php\/wp-json\/wp\/v2\/types\/page"}],"author":[{"embeddable":true,"href":"https:\/\/www.bluesinlehrte.de\/index.php\/wp-json\/wp\/v2\/users\/1"}],"replies":[{"embeddable":true,"href":"https:\/\/www.bluesinlehrte.de\/index.php\/wp-json\/wp\/v2\/comments?post=1327"}],"version-history":[{"count":115,"href":"https:\/\/www.bluesinlehrte.de\/index.php\/wp-json\/wp\/v2\/pages\/1327\/revisions"}],"predecessor-version":[{"id":3173,"href":"https:\/\/www.bluesinlehrte.de\/index.php\/wp-json\/wp\/v2\/pages\/1327\/revisions\/3173"}],"wp:attachment":[{"href":"https:\/\/www.bluesinlehrte.de\/index.php\/wp-json\/wp\/v2\/media?parent=1327"}],"curies":[{"name":"wp","href":"https:\/\/api.w.org\/{rel}","templated":true}]}}